{"id":469,"date":"2022-08-22T13:53:49","date_gmt":"2022-08-22T06:53:49","guid":{"rendered":"https:\/\/maofurniture.com.vn\/?page_id=469"},"modified":"2025-10-10T08:57:57","modified_gmt":"2025-10-10T01:57:57","slug":"gioi-thieu","status":"publish","type":"page","link":"https:\/\/maofurniture.com.vn\/vi\/gioi-thieu\/","title":{"rendered":"Gi\u1edbi thi\u1ec7u"},"content":{"rendered":"<p>[vc_row content_placement=&#8221;middle&#8221; css=&#8221;.vc_custom_1658461917081{padding-top: 10px !important;padding-bottom: 90px !important;}&#8221;][vc_column][vc_row_inner el_class=&#8221;d-flex justify-content-center&#8221; css=&#8221;.vc_custom_1658461401385{margin-bottom: 30px !important;}&#8221;][vc_column_inner width=&#8221;1\/2&#8243;][vc_single_image image=&#8221;195&#8243; img_size=&#8221;full&#8221; el_class=&#8221;img-abus center&#8221; css=&#8221;.vc_custom_1658461427810{margin-bottom: 0px !important;}&#8221; title=&#8221;VIET Nam OFFICE&#8221;][\/vc_column_inner][\/vc_row_inner][vc_row_inner][vc_column_inner width=&#8221;1\/3&#8243;]<div class=\"title-south \">\n\t<a href=\"\">\n\t\t<h2 class=\"section-title\">L\u1eddi nh\u1eafn <span class=\"text-color\"> t\u1eeb T\u1ed5ng gi\u00e1m \u0111\u1ed1c <\/span><\/h2>\n\t<\/a>\n<\/div>\n[\/vc_column_inner][vc_column_inner width=&#8221;2\/3&#8243;][vc_column_text el_class=&#8221;wrap-abus text-justify&#8221; css=&#8221;.vc_custom_1661153021125{margin-bottom: 0px !important;}&#8221;]Ch\u00fang t\u00f4i l\u00e0 th\u1ebf h\u1ec7 th\u1ee9 ba c\u1ee7a m\u1ed9t gia \u0111\u00ecnh \u0111\u00e3 l\u00e0m vi\u1ec7c trong l\u0129nh v\u1ef1c s\u1ea3n xu\u1ea5t h\u01a1n 25 n\u0103m. Ch\u00fang t\u00f4i kh\u00f4ng ng\u1eebng ph\u1ea5n \u0111\u1ea5u \u0111\u1ec3 \u0111\u1ea1t \u0111\u01b0\u1ee3c nhi\u1ec1u th\u00e0nh t\u1ef1u h\u01a1n n\u1eefa trong t\u01b0\u01a1ng lai.<br \/>\nH\u01a1n n\u1eefa, kh\u00f4ng th\u1ec3 kh\u00f4ng k\u1ec3 \u0111\u1ebfn nh\u1eefng c\u1ed9ng s\u1ef1, nh\u1eefng ng\u01b0\u1eddi lao \u0111\u1ed9ng \u0111\u00e3 lu\u00f4n n\u1ed7 l\u1ef1c c\u1ed9ng t\u00e1c v\u1edbi MAO \u0111\u1ec3 x\u00e2y d\u1ef1ng MAO ng\u00e0y m\u1ed9t l\u1edbn m\u1ea1nh h\u01a1n.<br \/>\nTh\u00e2n \u00e1i,<\/p>\n<p><strong>Ms. Nguyen Mai Quynh Nhu<\/strong><br \/>\nT\u1ed5ng gi\u00e1m \u0111\u1ed1c[\/vc_column_text][\/vc_column_inner][\/vc_row_inner][\/vc_column][\/vc_row][vc_row content_placement=&#8221;middle&#8221; css=&#8221;.vc_custom_1658461902653{padding-top: 20px !important;padding-bottom: 90px !important;}&#8221;][vc_column width=&#8221;1\/2&#8243;]<div class=\"title-south \">\n\t<a href=\"\">\n\t\t<h2 class=\"section-title\">V\u1ec0 <span class=\"text-color\"> MAO Furniture <\/span><\/h2>\n\t<\/a>\n<\/div>\n[vc_column_text el_class=&#8221;wrap-abus&#8221;]Mao Furniture l\u00e0 m\u1ed9t doanh nghi\u1ec7p gia \u0111\u00ecnh \u0111\u00e3 ho\u1ea1t \u0111\u1ed9ng qua ba th\u1ebf h\u1ec7 v\u00e0 h\u01a1n 25 n\u0103m trong l\u0129nh v\u1ef1c s\u1ea3n xu\u1ea5t.<br \/>\nC\u01a1 s\u1edf c\u1ee7a ch\u00fang t\u00f4i c\u00f3 t\u1ed5ng di\u1ec7n t\u00edch s\u00e0n h\u01a1n 30.000 m2, c\u00f3 th\u1ec3 s\u1ea3n xu\u1ea5t 60 container m\u1ed7i th\u00e1ng. Doanh nghi\u1ec7p c\u1ee7a ch\u00fang t\u00f4i chuy\u00ean v\u1ec1 \u0111\u1ed3 n\u1ed9i th\u1ea5t trong nh\u00e0 b\u1eb1ng cao su, b\u1ea1ch d\u01b0\u01a1ng, keo, g\u1ed7 th\u00f4ng, MDF ph\u1ee7 veneer, V\u00e1n \u00e9p v\u00e0 c\u00e1c v\u1eadt li\u1ec7u kh\u00e1c.[\/vc_column_text][\/vc_column][vc_column width=&#8221;1\/2&#8243;][vc_single_image image=&#8221;444&#8243; img_size=&#8221;full&#8221; el_class=&#8221;img-abus&#8221; css=&#8221;.vc_custom_1659496262175{margin-bottom: 0px !important;}&#8221; title=&#8221;Manufacturing&#8221;][\/vc_column][\/vc_row][vc_row content_placement=&#8221;middle&#8221; css=&#8221;.vc_custom_1658461902653{padding-top: 20px !important;padding-bottom: 90px !important;}&#8221;][vc_column width=&#8221;1\/2&#8243;][vc_single_image image=&#8221;393&#8243; img_size=&#8221;full&#8221; el_class=&#8221;img-abus left&#8221; css=&#8221;.vc_custom_1659490661357{margin-bottom: 0px !important;}&#8221; title=&#8221;Our Vision&#8221;][\/vc_column][vc_column width=&#8221;1\/2&#8243;]<div class=\"title-south \">\n\t<a href=\"\">\n\t\t<h2 class=\"section-title\">t\u1ea7m <span class=\"text-color\"> Nh\u00ecn <\/span><\/h2>\n\t<\/a>\n<\/div>\n[vc_column_text el_class=&#8221;wrap-abus&#8221;]V\u1edbi th\u1ebf m\u1ea1nh v\u1ec1 \u0111\u1ed9i ng\u0169 nh\u00e2n l\u1ef1c chuy\u00ean nghi\u1ec7p c\u0169ng nh\u01b0 m\u00e1y m\u00f3c chuy\u00ean nghi\u1ec7p v\u00e0 ch\u1ea5t l\u01b0\u1ee3ng tuy\u1ec7t v\u1eddi, ch\u00fang t\u00f4i \u0111\u00e3 v\u00e0 \u0111ang v\u01b0\u01a1n l\u00ean tr\u1edf th\u00e0nh NH\u00c0 H\u00c0NG \u0110\u1ea6U v\u1ec1 g\u1ed7 c\u1ee9ng, nguy\u00ean li\u1ec7u ch\u00ednh l\u00e0 g\u1ed7 tr\u00e0m v\u00e0 \u0111\u1ed3 g\u1ed7 Th\u1ecb tr\u01b0\u1eddng c\u00f4ng nghi\u1ec7p G\u1ed6 t\u1ea1i Vi\u1ec7t Nam[\/vc_column_text][\/vc_column][\/vc_row][vc_row content_placement=&#8221;middle&#8221; css=&#8221;.vc_custom_1658461902653{padding-top: 20px !important;padding-bottom: 90px !important;}&#8221;][vc_column width=&#8221;1\/2&#8243;]<div class=\"title-south \">\n\t<a href=\"\">\n\t\t<h2 class=\"section-title\">NHI\u1ec6M <span class=\"text-color\"> V\u1ee4 <\/span><\/h2>\n\t<\/a>\n<\/div>\n[vc_column_text el_class=&#8221;wrap-abus&#8221;]MAO ra \u0111\u1eddi nh\u1eb1m \u0111\u00e1p \u1ee9ng nhu c\u1ea7u s\u1ea3n xu\u1ea5t c\u1ee7a c\u00e1c doanh nghi\u1ec7p t\u1ea1i Vi\u1ec7t Nam v\u00e0 Duy tr\u00ec l\u00e0 nh\u00e0 cung c\u1ea5p g\u1ed7 c\u1ee9ng h\u00e0ng \u0111\u1ea7u, nguy\u00ean li\u1ec7u ch\u00ednh l\u00e0 g\u1ed7 Keo v\u00e0 \u0111\u1ed3 g\u1ed7 c\u00f4ng nghi\u1ec7p t\u1ea1i Vi\u1ec7t Nam.[\/vc_column_text][\/vc_column][vc_column width=&#8221;1\/2&#8243;][vc_single_image image=&#8221;392&#8243; img_size=&#8221;full&#8221; el_class=&#8221;img-abus&#8221; css=&#8221;.vc_custom_1659490672156{margin-bottom: 0px !important;}&#8221; title=&#8221;Our Mission&#8221;][\/vc_column][\/vc_row][vc_row full_width=&#8221;stretch_row&#8221; content_placement=&#8221;middle&#8221; css=&#8221;.vc_custom_1660725039555{padding-top: 90px !important;background-image: url(https:\/\/maofurniture.com.vn\/wp-content\/uploads\/2022\/07\/z2360430178477_011c8b4e5cdfd20af2786525e91e949a-1.jpg?id=254) !important;}&#8221; el_class=&#8221;bg-fixed&#8221;][vc_column][vc_row_inner][vc_column_inner width=&#8221;7\/12&#8243;][\/vc_column_inner][vc_column_inner width=&#8221;5\/12&#8243; css=&#8221;.vc_custom_1658397538400{padding-top: 0px !important;}&#8221;][\/vc_column_inner][\/vc_row_inner][vc_row_inner css=&#8221;.vc_custom_1658397641424{background-color: #f4f4f4 !important;}&#8221;][vc_column_inner el_class=&#8221;brand&#8221; css=&#8221;.vc_custom_1658397570506{padding-top: 0px !important;background-color: #f4f4f4 !important;}&#8221;]<div class=\"gallery-carousel\">\n\t <div class=\"owl-carousel owl-theme style-carousel-5\">\n    \t<div class=\"px-2 py-3\">\n\t<div class=\"gallery-item-carousel\">\n <img loading=\"lazy\" decoding=\"async\" width=\"186\" height=\"140\" src=\"https:\/\/maofurniture.com.vn\/wp-content\/uploads\/2025\/10\/Chua-co-ten-186-x-120-px-186-x-140-px-5.png\" class=\"attachment-full size-full\" alt=\"\" \/><\/div>\n<\/div>\n \t<div class=\"px-2 py-3\">\n\t<div class=\"gallery-item-carousel\">\n <img loading=\"lazy\" decoding=\"async\" width=\"186\" height=\"140\" src=\"https:\/\/maofurniture.com.vn\/wp-content\/uploads\/2025\/10\/Chua-co-ten-186-x-120-px-186-x-140-px-2.png\" class=\"attachment-full size-full\" alt=\"\" \/><\/div>\n<\/div>\n \t<div class=\"px-2 py-3\">\n\t<div class=\"gallery-item-carousel\">\n <img loading=\"lazy\" decoding=\"async\" width=\"186\" height=\"140\" src=\"https:\/\/maofurniture.com.vn\/wp-content\/uploads\/2025\/10\/Chua-co-ten-186-x-120-px-186-x-140-px.png\" class=\"attachment-full size-full\" alt=\"\" \/><\/div>\n<\/div>\n \t<div class=\"px-2 py-3\">\n\t<div class=\"gallery-item-carousel\">\n <img loading=\"lazy\" decoding=\"async\" width=\"186\" height=\"140\" src=\"https:\/\/maofurniture.com.vn\/wp-content\/uploads\/2025\/10\/Chua-co-ten-186-x-120-px-186-x-140-px-1.png\" class=\"attachment-full size-full\" alt=\"\" \/><\/div>\n<\/div>\n \t<div class=\"px-2 py-3\">\n\t<div class=\"gallery-item-carousel\">\n <img loading=\"lazy\" decoding=\"async\" width=\"186\" height=\"140\" src=\"https:\/\/maofurniture.com.vn\/wp-content\/uploads\/2025\/10\/Chua-co-ten-186-x-120-px-186-x-140-px-7.png\" class=\"attachment-full size-full\" alt=\"\" \/><\/div>\n<\/div>\n \t<div class=\"px-2 py-3\">\n\t<div class=\"gallery-item-carousel\">\n <img loading=\"lazy\" decoding=\"async\" width=\"186\" height=\"140\" src=\"https:\/\/maofurniture.com.vn\/wp-content\/uploads\/2025\/10\/Chua-co-ten-186-x-120-px-186-x-140-px-6.png\" class=\"attachment-full size-full\" alt=\"\" \/><\/div>\n<\/div>\n \t<div class=\"px-2 py-3\">\n\t<div class=\"gallery-item-carousel\">\n <img loading=\"lazy\" decoding=\"async\" width=\"400\" height=\"210\" src=\"https:\/\/maofurniture.com.vn\/wp-content\/uploads\/2024\/06\/MH-LOGO.png\" class=\"attachment-full size-full\" alt=\"\" srcset=\"https:\/\/maofurniture.com.vn\/wp-content\/uploads\/2024\/06\/MH-LOGO.png 400w, https:\/\/maofurniture.com.vn\/wp-content\/uploads\/2024\/06\/MH-LOGO-300x158.png 300w\" sizes=\"auto, (max-width: 400px) 100vw, 400px\" \/><\/div>\n<\/div>\n \t<div class=\"px-2 py-3\">\n\t<div class=\"gallery-item-carousel\">\n <img loading=\"lazy\" decoding=\"async\" width=\"400\" height=\"400\" src=\"https:\/\/maofurniture.com.vn\/wp-content\/uploads\/2024\/06\/SCANDINAVIAN-LOGO.png\" class=\"attachment-full size-full\" alt=\"\" srcset=\"https:\/\/maofurniture.com.vn\/wp-content\/uploads\/2024\/06\/SCANDINAVIAN-LOGO.png 400w, https:\/\/maofurniture.com.vn\/wp-content\/uploads\/2024\/06\/SCANDINAVIAN-LOGO-300x300.png 300w, https:\/\/maofurniture.com.vn\/wp-content\/uploads\/2024\/06\/SCANDINAVIAN-LOGO-150x150.png 150w\" sizes=\"auto, (max-width: 400px) 100vw, 400px\" \/><\/div>\n<\/div>\n \t<div class=\"px-2 py-3\">\n\t<div class=\"gallery-item-carousel\">\n <img loading=\"lazy\" decoding=\"async\" width=\"862\" height=\"451\" src=\"https:\/\/maofurniture.com.vn\/wp-content\/uploads\/2024\/06\/Living_Spaces_logo.png\" class=\"attachment-full size-full\" alt=\"\" srcset=\"https:\/\/maofurniture.com.vn\/wp-content\/uploads\/2024\/06\/Living_Spaces_logo.png 862w, https:\/\/maofurniture.com.vn\/wp-content\/uploads\/2024\/06\/Living_Spaces_logo-300x157.png 300w, https:\/\/maofurniture.com.vn\/wp-content\/uploads\/2024\/06\/Living_Spaces_logo-768x402.png 768w\" sizes=\"auto, (max-width: 862px) 100vw, 862px\" \/><\/div>\n<\/div>\n \t<div class=\"px-2 py-3\">\n\t<div class=\"gallery-item-carousel\">\n <img loading=\"lazy\" decoding=\"async\" width=\"490\" height=\"350\" src=\"https:\/\/maofurniture.com.vn\/wp-content\/uploads\/2024\/06\/COTSWOLD-LOGO.png\" class=\"attachment-full size-full\" alt=\"\" srcset=\"https:\/\/maofurniture.com.vn\/wp-content\/uploads\/2024\/06\/COTSWOLD-LOGO.png 490w, https:\/\/maofurniture.com.vn\/wp-content\/uploads\/2024\/06\/COTSWOLD-LOGO-300x214.png 300w\" sizes=\"auto, (max-width: 490px) 100vw, 490px\" \/><\/div>\n<\/div>\n \t<div class=\"px-2 py-3\">\n\t<div class=\"gallery-item-carousel\">\n <img loading=\"lazy\" decoding=\"async\" width=\"1246\" height=\"525\" src=\"https:\/\/maofurniture.com.vn\/wp-content\/uploads\/2024\/06\/CORAL-BAY-LOGO.jpg\" class=\"attachment-full size-full\" alt=\"\" srcset=\"https:\/\/maofurniture.com.vn\/wp-content\/uploads\/2024\/06\/CORAL-BAY-LOGO.jpg 1246w, https:\/\/maofurniture.com.vn\/wp-content\/uploads\/2024\/06\/CORAL-BAY-LOGO-300x126.jpg 300w, https:\/\/maofurniture.com.vn\/wp-content\/uploads\/2024\/06\/CORAL-BAY-LOGO-1024x431.jpg 1024w, https:\/\/maofurniture.com.vn\/wp-content\/uploads\/2024\/06\/CORAL-BAY-LOGO-768x324.jpg 768w\" sizes=\"auto, (max-width: 1246px) 100vw, 1246px\" \/><\/div>\n<\/div>\n \t<div class=\"px-2 py-3\">\n\t<div class=\"gallery-item-carousel\">\n <img loading=\"lazy\" decoding=\"async\" width=\"300\" height=\"80\" src=\"https:\/\/maofurniture.com.vn\/wp-content\/uploads\/2024\/06\/Big-Save-LOGO.png\" class=\"attachment-full size-full\" alt=\"\" \/><\/div>\n<\/div>\n \t\t <\/div>\n    <\/div>\n[\/vc_column_inner][\/vc_row_inner][\/vc_column][\/vc_row]<\/p>\n","protected":false},"excerpt":{"rendered":"<p>[vc_row content_placement=&#8221;middle&#8221; css=&#8221;.vc_custom_1658461917081{padding-top: 10px !important;padding-bottom: 90px !important;}&#8221;][vc_column][vc_row_inner el_class=&#8221;d-flex justify-content-center&#8221; css=&#8221;.vc_custom_1658461401385{margin-bottom: 30px !important;}&#8221;][vc_column_inner width=&#8221;1\/2&#8243;][vc_single_image image=&#8221;195&#8243; img_size=&#8221;full&#8221; el_class=&#8221;img-abus center&#8221; css=&#8221;.vc_custom_1658461427810{margin-bottom: 0px !important;}&#8221; title=&#8221;VIET Nam OFFICE&#8221;][\/vc_column_inner][\/vc_row_inner][vc_row_inner][vc_column_inner width=&#8221;1\/3&#8243;][\/vc_column_inner][vc_column_inner width=&#8221;2\/3&#8243;][vc_column_text el_class=&#8221;wrap-abus text-justify&#8221; css=&#8221;.vc_custom_1661153021125{margin-bottom: 0px !important;}&#8221;]Ch\u00fang t\u00f4i l\u00e0 th\u1ebf h\u1ec7 th\u1ee9 ba c\u1ee7a m\u1ed9t gia \u0111\u00ecnh \u0111\u00e3 l\u00e0m vi\u1ec7c trong l\u0129nh v\u1ef1c s\u1ea3n xu\u1ea5t h\u01a1n 25 n\u0103m. Ch\u00fang t\u00f4i kh\u00f4ng ng\u1eebng<\/p>\n","protected":false},"author":1,"featured_media":0,"parent":0,"menu_order":0,"comment_status":"closed","ping_status":"closed","template":"page-templates\/fullwidthpage.php","meta":{"footnotes":""},"class_list":["post-469","page","type-page","status-publish","hentry"],"yoast_head":"<!-- This site is optimized with the Yoast SEO plugin v19.5.1 - https:\/\/yoast.com\/wordpress\/plugins\/seo\/ -->\n<title>Gi\u1edbi thi\u1ec7u - MAO Furniture<\/title>\n<meta name=\"robots\" content=\"index, follow, max-snippet:-1, max-image-preview:large, max-video-preview:-1\" \/>\n<link rel=\"canonical\" href=\"https:\/\/maofurniture.com.vn\/vi\/gioi-thieu\/\" \/>\n<meta property=\"og:locale\" content=\"vi_VN\" \/>\n<meta property=\"og:type\" content=\"article\" \/>\n<meta property=\"og:title\" content=\"Gi\u1edbi thi\u1ec7u - MAO Furniture\" \/>\n<meta property=\"og:description\" content=\"[vc_row content_placement=&#8221;middle&#8221; css=&#8221;.vc_custom_1658461917081{padding-top: 10px !important;padding-bottom: 90px !important;}&#8221;][vc_column][vc_row_inner el_class=&#8221;d-flex justify-content-center&#8221; css=&#8221;.vc_custom_1658461401385{margin-bottom: 30px !important;}&#8221;][vc_column_inner width=&#8221;1\/2&#8243;][vc_single_image image=&#8221;195&#8243; img_size=&#8221;full&#8221; el_class=&#8221;img-abus center&#8221; css=&#8221;.vc_custom_1658461427810{margin-bottom: 0px !important;}&#8221; title=&#8221;VIET Nam OFFICE&#8221;][\/vc_column_inner][\/vc_row_inner][vc_row_inner][vc_column_inner width=&#8221;1\/3&#8243;][\/vc_column_inner][vc_column_inner width=&#8221;2\/3&#8243;][vc_column_text el_class=&#8221;wrap-abus text-justify&#8221; css=&#8221;.vc_custom_1661153021125{margin-bottom: 0px !important;}&#8221;]Ch\u00fang t\u00f4i l\u00e0 th\u1ebf h\u1ec7 th\u1ee9 ba c\u1ee7a m\u1ed9t gia \u0111\u00ecnh \u0111\u00e3 l\u00e0m vi\u1ec7c trong l\u0129nh v\u1ef1c s\u1ea3n xu\u1ea5t h\u01a1n 25 n\u0103m. Ch\u00fang t\u00f4i kh\u00f4ng ng\u1eebng\" \/>\n<meta property=\"og:url\" content=\"https:\/\/maofurniture.com.vn\/vi\/gioi-thieu\/\" \/>\n<meta property=\"og:site_name\" content=\"MAO Furniture\" \/>\n<meta property=\"article:modified_time\" content=\"2025-10-10T01:57:57+00:00\" \/>\n<meta name=\"twitter:card\" content=\"summary_large_image\" \/>\n<meta name=\"twitter:label1\" content=\"Est. reading time\" \/>\n\t<meta name=\"twitter:data1\" content=\"2 minutes\" \/>\n<script type=\"application\/ld+json\" class=\"yoast-schema-graph\">{\"@context\":\"https:\/\/schema.org\",\"@graph\":[{\"@type\":\"WebPage\",\"@id\":\"https:\/\/maofurniture.com.vn\/vi\/gioi-thieu\/\",\"url\":\"https:\/\/maofurniture.com.vn\/vi\/gioi-thieu\/\",\"name\":\"Gi\u1edbi thi\u1ec7u - MAO Furniture\",\"isPartOf\":{\"@id\":\"https:\/\/maofurniture.com.vn\/#website\"},\"datePublished\":\"2022-08-22T06:53:49+00:00\",\"dateModified\":\"2025-10-10T01:57:57+00:00\",\"breadcrumb\":{\"@id\":\"https:\/\/maofurniture.com.vn\/vi\/gioi-thieu\/#breadcrumb\"},\"inLanguage\":\"vi-VN\",\"potentialAction\":[{\"@type\":\"ReadAction\",\"target\":[\"https:\/\/maofurniture.com.vn\/vi\/gioi-thieu\/\"]}]},{\"@type\":\"BreadcrumbList\",\"@id\":\"https:\/\/maofurniture.com.vn\/vi\/gioi-thieu\/#breadcrumb\",\"itemListElement\":[{\"@type\":\"ListItem\",\"position\":1,\"name\":\"Trang ch\u1ee7\",\"item\":\"https:\/\/maofurniture.com.vn\/vi\/\"},{\"@type\":\"ListItem\",\"position\":2,\"name\":\"Gi\u1edbi thi\u1ec7u\"}]},{\"@type\":\"WebSite\",\"@id\":\"https:\/\/maofurniture.com.vn\/#website\",\"url\":\"https:\/\/maofurniture.com.vn\/\",\"name\":\"MAO Furniture\",\"description\":\"M\u1ed9t trang web m\u1edbi s\u1eed d\u1ee5ng WordPress\",\"potentialAction\":[{\"@type\":\"SearchAction\",\"target\":{\"@type\":\"EntryPoint\",\"urlTemplate\":\"https:\/\/maofurniture.com.vn\/?s={search_term_string}\"},\"query-input\":\"required name=search_term_string\"}],\"inLanguage\":\"vi-VN\"}]}<\/script>\n<!-- \/ Yoast SEO plugin. -->","yoast_head_json":{"title":"Gi\u1edbi thi\u1ec7u - MAO Furniture","robots":{"index":"index","follow":"follow","max-snippet":"max-snippet:-1","max-image-preview":"max-image-preview:large","max-video-preview":"max-video-preview:-1"},"canonical":"https:\/\/maofurniture.com.vn\/vi\/gioi-thieu\/","og_locale":"vi_VN","og_type":"article","og_title":"Gi\u1edbi thi\u1ec7u - MAO Furniture","og_description":"[vc_row content_placement=&#8221;middle&#8221; css=&#8221;.vc_custom_1658461917081{padding-top: 10px !important;padding-bottom: 90px !important;}&#8221;][vc_column][vc_row_inner el_class=&#8221;d-flex justify-content-center&#8221; css=&#8221;.vc_custom_1658461401385{margin-bottom: 30px !important;}&#8221;][vc_column_inner width=&#8221;1\/2&#8243;][vc_single_image image=&#8221;195&#8243; img_size=&#8221;full&#8221; el_class=&#8221;img-abus center&#8221; css=&#8221;.vc_custom_1658461427810{margin-bottom: 0px !important;}&#8221; title=&#8221;VIET Nam OFFICE&#8221;][\/vc_column_inner][\/vc_row_inner][vc_row_inner][vc_column_inner width=&#8221;1\/3&#8243;][\/vc_column_inner][vc_column_inner width=&#8221;2\/3&#8243;][vc_column_text el_class=&#8221;wrap-abus text-justify&#8221; css=&#8221;.vc_custom_1661153021125{margin-bottom: 0px !important;}&#8221;]Ch\u00fang t\u00f4i l\u00e0 th\u1ebf h\u1ec7 th\u1ee9 ba c\u1ee7a m\u1ed9t gia \u0111\u00ecnh \u0111\u00e3 l\u00e0m vi\u1ec7c trong l\u0129nh v\u1ef1c s\u1ea3n xu\u1ea5t h\u01a1n 25 n\u0103m. Ch\u00fang t\u00f4i kh\u00f4ng ng\u1eebng","og_url":"https:\/\/maofurniture.com.vn\/vi\/gioi-thieu\/","og_site_name":"MAO Furniture","article_modified_time":"2025-10-10T01:57:57+00:00","twitter_card":"summary_large_image","twitter_misc":{"Est. reading time":"2 minutes"},"schema":{"@context":"https:\/\/schema.org","@graph":[{"@type":"WebPage","@id":"https:\/\/maofurniture.com.vn\/vi\/gioi-thieu\/","url":"https:\/\/maofurniture.com.vn\/vi\/gioi-thieu\/","name":"Gi\u1edbi thi\u1ec7u - MAO Furniture","isPartOf":{"@id":"https:\/\/maofurniture.com.vn\/#website"},"datePublished":"2022-08-22T06:53:49+00:00","dateModified":"2025-10-10T01:57:57+00:00","breadcrumb":{"@id":"https:\/\/maofurniture.com.vn\/vi\/gioi-thieu\/#breadcrumb"},"inLanguage":"vi-VN","potentialAction":[{"@type":"ReadAction","target":["https:\/\/maofurniture.com.vn\/vi\/gioi-thieu\/"]}]},{"@type":"BreadcrumbList","@id":"https:\/\/maofurniture.com.vn\/vi\/gioi-thieu\/#breadcrumb","itemListElement":[{"@type":"ListItem","position":1,"name":"Trang ch\u1ee7","item":"https:\/\/maofurniture.com.vn\/vi\/"},{"@type":"ListItem","position":2,"name":"Gi\u1edbi thi\u1ec7u"}]},{"@type":"WebSite","@id":"https:\/\/maofurniture.com.vn\/#website","url":"https:\/\/maofurniture.com.vn\/","name":"MAO Furniture","description":"M\u1ed9t trang web m\u1edbi s\u1eed d\u1ee5ng WordPress","potentialAction":[{"@type":"SearchAction","target":{"@type":"EntryPoint","urlTemplate":"https:\/\/maofurniture.com.vn\/?s={search_term_string}"},"query-input":"required name=search_term_string"}],"inLanguage":"vi-VN"}]}},"_links":{"self":[{"href":"https:\/\/maofurniture.com.vn\/vi\/wp-json\/wp\/v2\/pages\/469","targetHints":{"allow":["GET"]}}],"collection":[{"href":"https:\/\/maofurniture.com.vn\/vi\/wp-json\/wp\/v2\/pages"}],"about":[{"href":"https:\/\/maofurniture.com.vn\/vi\/wp-json\/wp\/v2\/types\/page"}],"author":[{"embeddable":true,"href":"https:\/\/maofurniture.com.vn\/vi\/wp-json\/wp\/v2\/users\/1"}],"replies":[{"embeddable":true,"href":"https:\/\/maofurniture.com.vn\/vi\/wp-json\/wp\/v2\/comments?post=469"}],"version-history":[{"count":4,"href":"https:\/\/maofurniture.com.vn\/vi\/wp-json\/wp\/v2\/pages\/469\/revisions"}],"predecessor-version":[{"id":792,"href":"https:\/\/maofurniture.com.vn\/vi\/wp-json\/wp\/v2\/pages\/469\/revisions\/792"}],"wp:attachment":[{"href":"https:\/\/maofurniture.com.vn\/vi\/wp-json\/wp\/v2\/media?parent=469"}],"curies":[{"name":"wp","href":"https:\/\/api.w.org\/{rel}","templated":true}]}}