{"id":471,"date":"2022-08-22T13:55:18","date_gmt":"2022-08-22T06:55:18","guid":{"rendered":"https:\/\/maofurniture.com.vn\/?page_id=471"},"modified":"2022-08-22T14:22:18","modified_gmt":"2022-08-22T07:22:18","slug":"chung-toi-lam-gi","status":"publish","type":"page","link":"https:\/\/maofurniture.com.vn\/vi\/chung-toi-lam-gi\/","title":{"rendered":"Ch\u00fang t\u00f4i l\u00e0m g\u00ec"},"content":{"rendered":"<p>[vc_row css=&#8221;.vc_custom_1659066888337{padding-top: 60px !important;padding-bottom: 60px !important;}&#8221;][vc_column]<div class=\"gallery-carousel\">\n\t <div class=\"owl-carousel owl-theme style-carousel-1\">\n    \t<div class=\"px-2 py-3\">\n\t<div class=\"gallery-item-carousel\">\n <img loading=\"lazy\" decoding=\"async\" width=\"1280\" height=\"720\" src=\"https:\/\/maofurniture.com.vn\/wp-content\/uploads\/2022\/08\/wwd-3.jpg\" class=\"attachment-full size-full\" alt=\"\" srcset=\"https:\/\/maofurniture.com.vn\/wp-content\/uploads\/2022\/08\/wwd-3.jpg 1280w, https:\/\/maofurniture.com.vn\/wp-content\/uploads\/2022\/08\/wwd-3-300x169.jpg 300w, https:\/\/maofurniture.com.vn\/wp-content\/uploads\/2022\/08\/wwd-3-1024x576.jpg 1024w, https:\/\/maofurniture.com.vn\/wp-content\/uploads\/2022\/08\/wwd-3-768x432.jpg 768w\" sizes=\"auto, (max-width: 1280px) 100vw, 1280px\" \/><\/div>\n<\/div>\n \t<div class=\"px-2 py-3\">\n\t<div class=\"gallery-item-carousel\">\n <img loading=\"lazy\" decoding=\"async\" width=\"1280\" height=\"720\" src=\"https:\/\/maofurniture.com.vn\/wp-content\/uploads\/2022\/08\/wwd-4.jpg\" class=\"attachment-full size-full\" alt=\"\" srcset=\"https:\/\/maofurniture.com.vn\/wp-content\/uploads\/2022\/08\/wwd-4.jpg 1280w, https:\/\/maofurniture.com.vn\/wp-content\/uploads\/2022\/08\/wwd-4-300x169.jpg 300w, https:\/\/maofurniture.com.vn\/wp-content\/uploads\/2022\/08\/wwd-4-1024x576.jpg 1024w, https:\/\/maofurniture.com.vn\/wp-content\/uploads\/2022\/08\/wwd-4-768x432.jpg 768w\" sizes=\"auto, (max-width: 1280px) 100vw, 1280px\" \/><\/div>\n<\/div>\n \t<div class=\"px-2 py-3\">\n\t<div class=\"gallery-item-carousel\">\n <img loading=\"lazy\" decoding=\"async\" width=\"1280\" height=\"720\" src=\"https:\/\/maofurniture.com.vn\/wp-content\/uploads\/2022\/08\/wwd-2.jpg\" class=\"attachment-full size-full\" alt=\"\" srcset=\"https:\/\/maofurniture.com.vn\/wp-content\/uploads\/2022\/08\/wwd-2.jpg 1280w, https:\/\/maofurniture.com.vn\/wp-content\/uploads\/2022\/08\/wwd-2-300x169.jpg 300w, https:\/\/maofurniture.com.vn\/wp-content\/uploads\/2022\/08\/wwd-2-1024x576.jpg 1024w, https:\/\/maofurniture.com.vn\/wp-content\/uploads\/2022\/08\/wwd-2-768x432.jpg 768w\" sizes=\"auto, (max-width: 1280px) 100vw, 1280px\" \/><\/div>\n<\/div>\n \t<div class=\"px-2 py-3\">\n\t<div class=\"gallery-item-carousel\">\n <img loading=\"lazy\" decoding=\"async\" width=\"1280\" height=\"720\" src=\"https:\/\/maofurniture.com.vn\/wp-content\/uploads\/2022\/08\/wwd-1.jpg\" class=\"attachment-full size-full\" alt=\"\" srcset=\"https:\/\/maofurniture.com.vn\/wp-content\/uploads\/2022\/08\/wwd-1.jpg 1280w, https:\/\/maofurniture.com.vn\/wp-content\/uploads\/2022\/08\/wwd-1-300x169.jpg 300w, https:\/\/maofurniture.com.vn\/wp-content\/uploads\/2022\/08\/wwd-1-1024x576.jpg 1024w, https:\/\/maofurniture.com.vn\/wp-content\/uploads\/2022\/08\/wwd-1-768x432.jpg 768w\" sizes=\"auto, (max-width: 1280px) 100vw, 1280px\" \/><\/div>\n<\/div>\n \t\t <\/div>\n    <\/div>\n<div class=\"title-south text-center\">\n\t<a href=\"\">\n\t\t<h2 class=\"section-title\">S\u1ea3n xu\u1ea5t <span class=\"text-color\"> N\u1ed9i th\u1ea5t <\/span><\/h2>\n\t<\/a>\n<\/div>\n[vc_column_text]<strong>T\u1ed5ng di\u1ec7n t\u00edch s\u00e0n:<\/strong> Khu v\u1ef1c nh\u00e0 m\u00e1y c\u1ee7a ch\u00fang t\u00f4i bao quanh m\u1ed9t khu v\u1ef1c s\u1ea3n xu\u1ea5t v\u00e0 l\u01b0u tr\u1eef r\u1ed9ng 30.000 m\u00e9t vu\u00f4ng.<\/p>\n<p><strong>T\u1ed5ng nh\u00e2n l\u1ef1c:<\/strong> 450 nh\u00e2n vi\u00ean<\/p>\n<p><strong>C\u00f4ng su\u1ea5t:<\/strong> Trung b\u00ecnh, c\u00f4ng su\u1ea5t c\u1ee7a ch\u00fang t\u00f4i l\u00e0 kho\u1ea3ng 60 container \/ th\u00e1ng (t\u00f9y theo d\u00f2ng s\u1ea3n ph\u1ea9m).<\/p>\n<p><strong>C\u01a1 s\u1edf v\u1eadt ch\u1ea5t:<\/strong> Ch\u00fang t\u00f4i c\u00f3 c\u0103ng tin t\u1ea1i ch\u1ed7 cho c\u00f4ng nh\u00e2n, nh\u00e2n vi\u00ean v\u00e0 QC c\u1ee7a kh\u00e1ch h\u00e0ng. Ngo\u00e0i ra, nh\u00e0 m\u00e1y c\u1ee7a ch\u00fang t\u00f4i lu\u00f4n c\u00f3 ngu\u1ed3n \u0111i\u1ec7n ph\u00f9 h\u1ee3p.<\/p>\n<p><strong>Lo\u1ea1i n\u1ed9i th\u1ea5t:<\/strong> C\u00f4ng ty ch\u00fang t\u00f4i chuy\u00ean v\u1ec1 n\u1ed9i th\u1ea5t trong nh\u00e0.[\/vc_column_text][\/vc_column][\/vc_row][vc_row css=&#8221;.vc_custom_1659066888337{padding-top: 60px !important;padding-bottom: 60px !important;}&#8221;][vc_column el_class=&#8221;m-slide&#8221;]<div class=\"gallery-carousel\">\n\t <div class=\"owl-carousel owl-theme style-carousel-1\">\n    \t<div class=\"px-2 py-3\">\n\t<div class=\"gallery-item-carousel\">\n <img loading=\"lazy\" decoding=\"async\" width=\"845\" height=\"481\" src=\"https:\/\/maofurniture.com.vn\/wp-content\/uploads\/2022\/07\/m-5.png\" class=\"attachment-full size-full\" alt=\"\" srcset=\"https:\/\/maofurniture.com.vn\/wp-content\/uploads\/2022\/07\/m-5.png 845w, https:\/\/maofurniture.com.vn\/wp-content\/uploads\/2022\/07\/m-5-300x171.png 300w, https:\/\/maofurniture.com.vn\/wp-content\/uploads\/2022\/07\/m-5-768x437.png 768w\" sizes=\"auto, (max-width: 845px) 100vw, 845px\" \/><\/div>\n<\/div>\n \t<div class=\"px-2 py-3\">\n\t<div class=\"gallery-item-carousel\">\n <img loading=\"lazy\" decoding=\"async\" width=\"452\" height=\"494\" src=\"https:\/\/maofurniture.com.vn\/wp-content\/uploads\/2022\/07\/m-6.png\" class=\"attachment-full size-full\" alt=\"\" srcset=\"https:\/\/maofurniture.com.vn\/wp-content\/uploads\/2022\/07\/m-6.png 452w, https:\/\/maofurniture.com.vn\/wp-content\/uploads\/2022\/07\/m-6-274x300.png 274w\" sizes=\"auto, (max-width: 452px) 100vw, 452px\" \/><\/div>\n<\/div>\n \t<div class=\"px-2 py-3\">\n\t<div class=\"gallery-item-carousel\">\n <img loading=\"lazy\" decoding=\"async\" width=\"787\" height=\"430\" src=\"https:\/\/maofurniture.com.vn\/wp-content\/uploads\/2022\/07\/m-7.png\" class=\"attachment-full size-full\" alt=\"\" srcset=\"https:\/\/maofurniture.com.vn\/wp-content\/uploads\/2022\/07\/m-7.png 787w, https:\/\/maofurniture.com.vn\/wp-content\/uploads\/2022\/07\/m-7-300x164.png 300w, https:\/\/maofurniture.com.vn\/wp-content\/uploads\/2022\/07\/m-7-768x420.png 768w\" sizes=\"auto, (max-width: 787px) 100vw, 787px\" \/><\/div>\n<\/div>\n \t\t <\/div>\n    <\/div>\n<div class=\"title-south text-center\">\n\t<a href=\"\">\n\t\t<h2 class=\"section-title\">Timber <span class=\"text-color\"> Merchandising <\/span><\/h2>\n\t<\/a>\n<\/div>\n[vc_column_text]Di\u1ec7n t\u00edch kho ch\u1ee9a h\u01a1n 5.000 m3 g\u1ed7<\/p>\n<p>Ch\u00fang t\u00f4i h\u00e0i l\u00f2ng khi cung c\u1ea5p cho kh\u00e1ch h\u00e0ng g\u1ed7 x\u1ebb s\u1ea5y ch\u1ea5t l\u01b0\u1ee3ng cao, l\u1ea5y nguy\u00ean li\u1ec7u ch\u00ednh l\u00e0 g\u1ed7 keo.<\/p>\n<p>T\u1ea5t c\u1ea3 g\u1ed7 c\u00f3 ngu\u1ed3n g\u1ed1c \u0111\u1ec1u \u0111\u01b0\u1ee3c ch\u1ee9ng nh\u1eadn 100% FSC v\u00e0 v\u01b0\u1ee3t qua c\u00e1c y\u00eau c\u1ea7u quy \u0111\u1ecbnh v\u1ec1 g\u1ed7 c\u00f3 ki\u1ec3m so\u00e1t li\u00ean quan<\/p>\n<p>Ch\u1ea5t l\u01b0\u1ee3ng: L\u1edbp c\u00f4ng nghi\u1ec7p, Millrun, COL, FCOL, ACOL<\/p>\n<p>K\u00edch th\u01b0\u1edbc: \u0111\u1ed9 d\u00e0y \u0111a d\u1ea1ng (16mm \u0111\u1ebfn 50mm)[\/vc_column_text][\/vc_column][\/vc_row]<\/p>\n","protected":false},"excerpt":{"rendered":"<p>[vc_row css=&#8221;.vc_custom_1659066888337{padding-top: 60px !important;padding-bottom: 60px !important;}&#8221;][vc_column][vc_column_text]T\u1ed5ng di\u1ec7n t\u00edch s\u00e0n: Khu v\u1ef1c nh\u00e0 m\u00e1y c\u1ee7a ch\u00fang t\u00f4i bao quanh m\u1ed9t khu v\u1ef1c s\u1ea3n xu\u1ea5t v\u00e0 l\u01b0u tr\u1eef r\u1ed9ng 30.000 m\u00e9t vu\u00f4ng. T\u1ed5ng nh\u00e2n l\u1ef1c: 450 nh\u00e2n vi\u00ean C\u00f4ng su\u1ea5t: Trung b\u00ecnh, c\u00f4ng su\u1ea5t c\u1ee7a ch\u00fang t\u00f4i l\u00e0 kho\u1ea3ng 60 container \/ th\u00e1ng (t\u00f9y theo d\u00f2ng s\u1ea3n<\/p>\n","protected":false},"author":1,"featured_media":0,"parent":0,"menu_order":0,"comment_status":"closed","ping_status":"closed","template":"page-templates\/fullwidthpage.php","meta":{"footnotes":""},"class_list":["post-471","page","type-page","status-publish","hentry"],"yoast_head":"<!-- This site is optimized with the Yoast SEO plugin v19.5.1 - https:\/\/yoast.com\/wordpress\/plugins\/seo\/ -->\n<title>Ch\u00fang t\u00f4i l\u00e0m g\u00ec - MAO Furniture<\/title>\n<meta name=\"robots\" content=\"index, follow, max-snippet:-1, max-image-preview:large, max-video-preview:-1\" \/>\n<link rel=\"canonical\" href=\"https:\/\/maofurniture.com.vn\/vi\/chung-toi-lam-gi\/\" \/>\n<meta property=\"og:locale\" content=\"vi_VN\" \/>\n<meta property=\"og:type\" content=\"article\" \/>\n<meta property=\"og:title\" content=\"Ch\u00fang t\u00f4i l\u00e0m g\u00ec - MAO Furniture\" \/>\n<meta property=\"og:description\" content=\"[vc_row css=&#8221;.vc_custom_1659066888337{padding-top: 60px !important;padding-bottom: 60px !important;}&#8221;][vc_column][vc_column_text]T\u1ed5ng di\u1ec7n t\u00edch s\u00e0n: Khu v\u1ef1c nh\u00e0 m\u00e1y c\u1ee7a ch\u00fang t\u00f4i bao quanh m\u1ed9t khu v\u1ef1c s\u1ea3n xu\u1ea5t v\u00e0 l\u01b0u tr\u1eef r\u1ed9ng 30.000 m\u00e9t vu\u00f4ng. T\u1ed5ng nh\u00e2n l\u1ef1c: 450 nh\u00e2n vi\u00ean C\u00f4ng su\u1ea5t: Trung b\u00ecnh, c\u00f4ng su\u1ea5t c\u1ee7a ch\u00fang t\u00f4i l\u00e0 kho\u1ea3ng 60 container \/ th\u00e1ng (t\u00f9y theo d\u00f2ng s\u1ea3n\" \/>\n<meta property=\"og:url\" content=\"https:\/\/maofurniture.com.vn\/vi\/chung-toi-lam-gi\/\" \/>\n<meta property=\"og:site_name\" content=\"MAO Furniture\" \/>\n<meta property=\"article:modified_time\" content=\"2022-08-22T07:22:18+00:00\" \/>\n<meta name=\"twitter:card\" content=\"summary_large_image\" \/>\n<meta name=\"twitter:label1\" content=\"Est. reading time\" \/>\n\t<meta name=\"twitter:data1\" content=\"1 minute\" \/>\n<script type=\"application\/ld+json\" class=\"yoast-schema-graph\">{\"@context\":\"https:\/\/schema.org\",\"@graph\":[{\"@type\":\"WebPage\",\"@id\":\"https:\/\/maofurniture.com.vn\/vi\/chung-toi-lam-gi\/\",\"url\":\"https:\/\/maofurniture.com.vn\/vi\/chung-toi-lam-gi\/\",\"name\":\"Ch\u00fang t\u00f4i l\u00e0m g\u00ec - MAO Furniture\",\"isPartOf\":{\"@id\":\"https:\/\/maofurniture.com.vn\/#website\"},\"datePublished\":\"2022-08-22T06:55:18+00:00\",\"dateModified\":\"2022-08-22T07:22:18+00:00\",\"breadcrumb\":{\"@id\":\"https:\/\/maofurniture.com.vn\/vi\/chung-toi-lam-gi\/#breadcrumb\"},\"inLanguage\":\"vi-VN\",\"potentialAction\":[{\"@type\":\"ReadAction\",\"target\":[\"https:\/\/maofurniture.com.vn\/vi\/chung-toi-lam-gi\/\"]}]},{\"@type\":\"BreadcrumbList\",\"@id\":\"https:\/\/maofurniture.com.vn\/vi\/chung-toi-lam-gi\/#breadcrumb\",\"itemListElement\":[{\"@type\":\"ListItem\",\"position\":1,\"name\":\"Trang ch\u1ee7\",\"item\":\"https:\/\/maofurniture.com.vn\/vi\/\"},{\"@type\":\"ListItem\",\"position\":2,\"name\":\"Ch\u00fang t\u00f4i l\u00e0m g\u00ec\"}]},{\"@type\":\"WebSite\",\"@id\":\"https:\/\/maofurniture.com.vn\/#website\",\"url\":\"https:\/\/maofurniture.com.vn\/\",\"name\":\"MAO Furniture\",\"description\":\"M\u1ed9t trang web m\u1edbi s\u1eed d\u1ee5ng WordPress\",\"potentialAction\":[{\"@type\":\"SearchAction\",\"target\":{\"@type\":\"EntryPoint\",\"urlTemplate\":\"https:\/\/maofurniture.com.vn\/?s={search_term_string}\"},\"query-input\":\"required name=search_term_string\"}],\"inLanguage\":\"vi-VN\"}]}<\/script>\n<!-- \/ Yoast SEO plugin. -->","yoast_head_json":{"title":"Ch\u00fang t\u00f4i l\u00e0m g\u00ec - MAO Furniture","robots":{"index":"index","follow":"follow","max-snippet":"max-snippet:-1","max-image-preview":"max-image-preview:large","max-video-preview":"max-video-preview:-1"},"canonical":"https:\/\/maofurniture.com.vn\/vi\/chung-toi-lam-gi\/","og_locale":"vi_VN","og_type":"article","og_title":"Ch\u00fang t\u00f4i l\u00e0m g\u00ec - MAO Furniture","og_description":"[vc_row css=&#8221;.vc_custom_1659066888337{padding-top: 60px !important;padding-bottom: 60px !important;}&#8221;][vc_column][vc_column_text]T\u1ed5ng di\u1ec7n t\u00edch s\u00e0n: Khu v\u1ef1c nh\u00e0 m\u00e1y c\u1ee7a ch\u00fang t\u00f4i bao quanh m\u1ed9t khu v\u1ef1c s\u1ea3n xu\u1ea5t v\u00e0 l\u01b0u tr\u1eef r\u1ed9ng 30.000 m\u00e9t vu\u00f4ng. T\u1ed5ng nh\u00e2n l\u1ef1c: 450 nh\u00e2n vi\u00ean C\u00f4ng su\u1ea5t: Trung b\u00ecnh, c\u00f4ng su\u1ea5t c\u1ee7a ch\u00fang t\u00f4i l\u00e0 kho\u1ea3ng 60 container \/ th\u00e1ng (t\u00f9y theo d\u00f2ng s\u1ea3n","og_url":"https:\/\/maofurniture.com.vn\/vi\/chung-toi-lam-gi\/","og_site_name":"MAO Furniture","article_modified_time":"2022-08-22T07:22:18+00:00","twitter_card":"summary_large_image","twitter_misc":{"Est. reading time":"1 minute"},"schema":{"@context":"https:\/\/schema.org","@graph":[{"@type":"WebPage","@id":"https:\/\/maofurniture.com.vn\/vi\/chung-toi-lam-gi\/","url":"https:\/\/maofurniture.com.vn\/vi\/chung-toi-lam-gi\/","name":"Ch\u00fang t\u00f4i l\u00e0m g\u00ec - MAO Furniture","isPartOf":{"@id":"https:\/\/maofurniture.com.vn\/#website"},"datePublished":"2022-08-22T06:55:18+00:00","dateModified":"2022-08-22T07:22:18+00:00","breadcrumb":{"@id":"https:\/\/maofurniture.com.vn\/vi\/chung-toi-lam-gi\/#breadcrumb"},"inLanguage":"vi-VN","potentialAction":[{"@type":"ReadAction","target":["https:\/\/maofurniture.com.vn\/vi\/chung-toi-lam-gi\/"]}]},{"@type":"BreadcrumbList","@id":"https:\/\/maofurniture.com.vn\/vi\/chung-toi-lam-gi\/#breadcrumb","itemListElement":[{"@type":"ListItem","position":1,"name":"Trang ch\u1ee7","item":"https:\/\/maofurniture.com.vn\/vi\/"},{"@type":"ListItem","position":2,"name":"Ch\u00fang t\u00f4i l\u00e0m g\u00ec"}]},{"@type":"WebSite","@id":"https:\/\/maofurniture.com.vn\/#website","url":"https:\/\/maofurniture.com.vn\/","name":"MAO Furniture","description":"M\u1ed9t trang web m\u1edbi s\u1eed d\u1ee5ng WordPress","potentialAction":[{"@type":"SearchAction","target":{"@type":"EntryPoint","urlTemplate":"https:\/\/maofurniture.com.vn\/?s={search_term_string}"},"query-input":"required name=search_term_string"}],"inLanguage":"vi-VN"}]}},"_links":{"self":[{"href":"https:\/\/maofurniture.com.vn\/vi\/wp-json\/wp\/v2\/pages\/471","targetHints":{"allow":["GET"]}}],"collection":[{"href":"https:\/\/maofurniture.com.vn\/vi\/wp-json\/wp\/v2\/pages"}],"about":[{"href":"https:\/\/maofurniture.com.vn\/vi\/wp-json\/wp\/v2\/types\/page"}],"author":[{"embeddable":true,"href":"https:\/\/maofurniture.com.vn\/vi\/wp-json\/wp\/v2\/users\/1"}],"replies":[{"embeddable":true,"href":"https:\/\/maofurniture.com.vn\/vi\/wp-json\/wp\/v2\/comments?post=471"}],"version-history":[{"count":3,"href":"https:\/\/maofurniture.com.vn\/vi\/wp-json\/wp\/v2\/pages\/471\/revisions"}],"predecessor-version":[{"id":497,"href":"https:\/\/maofurniture.com.vn\/vi\/wp-json\/wp\/v2\/pages\/471\/revisions\/497"}],"wp:attachment":[{"href":"https:\/\/maofurniture.com.vn\/vi\/wp-json\/wp\/v2\/media?parent=471"}],"curies":[{"name":"wp","href":"https:\/\/api.w.org\/{rel}","templated":true}]}}