{"id":475,"date":"2022-08-22T13:58:28","date_gmt":"2022-08-22T06:58:28","guid":{"rendered":"https:\/\/maofurniture.com.vn\/?page_id=475"},"modified":"2022-08-22T14:11:22","modified_gmt":"2022-08-22T07:11:22","slug":"dat-va-giao-hang","status":"publish","type":"page","link":"https:\/\/maofurniture.com.vn\/vi\/dat-va-giao-hang\/","title":{"rendered":"\u0110\u1eb7t v\u00e0 giao h\u00e0ng"},"content":{"rendered":"<p>[vc_row][vc_column][vc_column_text]<strong>V\u1eadn chuy\u1ec3n<\/strong><br \/>\nM\u1ee5c ti\u00eau c\u1ee7a ch\u00fang t\u00f4i l\u00e0 \u0111\u1ea1t \u0111\u01b0\u1ee3c hi\u1ec7u qu\u1ea3 giao h\u00e0ng t\u1ed1i \u01b0u, c\u00f3 ngh\u0129a l\u00e0 th\u1eddi gian giao h\u00e0ng ng\u1eafn nh\u1ea5t trong khi gi\u1ea3m thi\u1ec3u l\u1ed7i giao h\u00e0ng. Ch\u00fang t\u00f4i c\u00f3 th\u1ec3 v\u1eadn chuy\u1ec3n quanh n\u0103m, tr\u1eeb T\u1ebft Nguy\u00ean \u0110\u00e1n. \u0110\u1ec3 ch\u1ee7 \u0111\u1ed9ng s\u1eafp x\u1ebfp \u0111\u01a1n h\u00e0ng, MAO lu\u00f4n b\u00e1o tr\u01b0\u1edbc cho kh\u00e1ch h\u00e0ng 3 th\u00e1ng.<\/p>\n<p>M\u1eabu th\u01b0\u1eddng \u0111\u01b0\u1ee3c th\u1ef1c hi\u1ec7n trong v\u00f2ng 15 \u0111\u1ebfn 30 ng\u00e0y. Th\u1eddi gian d\u1eabn \u0111\u1eb7t h\u00e0ng m\u1edbi m\u1ea5t 60 ng\u00e0y; v\u00e0 vi\u1ec7c s\u1eafp x\u1ebfp l\u1ea1i m\u1ea5t t\u1eeb \u200b\u200b45 \u0111\u1ebfn 50 ng\u00e0y.<\/p>\n<p><strong>\u0110\u1eb7t h\u00e0ng<\/strong><\/p>\n<p>C\u00e1c d\u00f2ng s\u1ea3n ph\u1ea9m hi\u1ec7n t\u1ea1i v\u00e0 tr\u01b0\u1edbc \u0111\u00e2y c\u1ee7a ch\u00fang t\u00f4i \u0111\u01b0\u1ee3c tr\u01b0ng b\u00e0y trong ph\u00f2ng tr\u01b0ng b\u00e0y c\u1ee7a ch\u00fang t\u00f4i \u0111\u1ec3 b\u1ea1n tham kh\u1ea3o. C\u00f3 nhi\u1ec1u thi\u1ebft k\u1ebf c\u00f3 s\u1eb5n. \u0110\u01a1n \u0111\u1eb7t h\u00e0ng \u0111\u01b0\u1ee3c th\u1ef1c hi\u1ec7n cho b\u1ea5t k\u1ef3 thi\u1ebft k\u1ebf n\u00e0o trong s\u1ed1 n\u00e0y ph\u1ea3i tu\u00e2n theo MOQ, \u00edt nh\u1ea5t l\u00e0 50 cho m\u1ed7i m\u1eb7t h\u00e0ng.<\/p>\n<p><strong>OEM<\/strong><br \/>\nC\u00e1c nh\u00e0 thi\u1ebft k\u1ebf c\u00f3 kinh nghi\u1ec7m v\u00e0 tay ngh\u1ec1 cao c\u1ee7a ch\u00fang t\u00f4i c\u00f3 th\u1ec3 h\u1ed7 tr\u1ee3 kh\u00e1ch h\u00e0ng t\u1eeb vi\u1ec7c l\u00ean \u00fd t\u01b0\u1edfng s\u1ea3n ph\u1ea9m cho \u0111\u1ebfn ph\u00e1t tri\u1ec3n m\u1eabu v\u00e0 b\u00e1n h\u00e0ng.<\/p>\n<p><strong>\u0110\u00f3ng g\u00f3i v\u00e0 g\u1eedi h\u00e0ng<\/strong><br \/>\nCh\u00fang t\u00f4i hi\u1ec7n \u0111ang ph\u1ee5c v\u1ee5 cho c\u00e1c kh\u00e1ch h\u00e0ng t\u1eeb kh\u1eafp n\u01a1i tr\u00ean th\u1ebf gi\u1edbi v\u00e0 quy tr\u00ecnh \u0111\u00f3ng g\u00f3i v\u00e0 g\u1eedi h\u00e0ng c\u1ee7a ch\u00fang t\u00f4i tu\u00e2n th\u1ee7 c\u00e1c ti\u00eau chu\u1ea9n qu\u1ed1c t\u1ebf kh\u00e1c nhau bao g\u1ed3m:<br \/>\nISTA 1A<br \/>\nISTA 3A<br \/>\n\u0110\u00f3ng g\u00f3i \u0111\u1eb7t h\u00e0ng qua th\u01b0 \u0111i\u1ec7n t\u1eed<br \/>\n\u0110\u1ed1i v\u1edbi nh\u1eefng kh\u00e1ch h\u00e0ng kh\u00f4ng c\u00f3 y\u00eau c\u1ea7u c\u1ee5 th\u1ec3, MAO c\u00f3 th\u1ec3 h\u1ed7 tr\u1ee3 ph\u00e1t tri\u1ec3n c\u00e1c ti\u00eau chu\u1ea9n li\u00ean quan ph\u00f9 h\u1ee3p v\u1edbi mong \u0111\u1ee3i c\u1ee7a h\u1ecd v\u1ec1 ch\u1ea5t l\u01b0\u1ee3ng, an to\u00e0n v\u00e0 ng\u00e2n s\u00e1ch.<br \/>\nY\u00eau c\u1ea7u c\u1ee5 th\u1ec3 c\u1ee7a kh\u00e1ch h\u00e0ng<br \/>\n\u0110\u1ed1i v\u1edbi m\u1ed7i s\u1ea3n ph\u1ea9m, ch\u00fang t\u00f4i cung c\u1ea5p cho kh\u00e1ch h\u00e0ng c\u00e1c thi\u1ebft k\u1ebf bao b\u00ec chi ti\u1ebft v\u00e0 quy tr\u00ecnh ph\u00ea duy\u1ec7t.[\/vc_column_text][\/vc_column][\/vc_row]<\/p>\n","protected":false},"excerpt":{"rendered":"<p>[vc_row][vc_column][vc_column_text]V\u1eadn chuy\u1ec3n M\u1ee5c ti\u00eau c\u1ee7a ch\u00fang t\u00f4i l\u00e0 \u0111\u1ea1t \u0111\u01b0\u1ee3c hi\u1ec7u qu\u1ea3 giao h\u00e0ng t\u1ed1i \u01b0u, c\u00f3 ngh\u0129a l\u00e0 th\u1eddi gian giao h\u00e0ng ng\u1eafn nh\u1ea5t trong khi gi\u1ea3m thi\u1ec3u l\u1ed7i giao h\u00e0ng. Ch\u00fang t\u00f4i c\u00f3 th\u1ec3 v\u1eadn chuy\u1ec3n quanh n\u0103m, tr\u1eeb T\u1ebft Nguy\u00ean \u0110\u00e1n. \u0110\u1ec3 ch\u1ee7 \u0111\u1ed9ng s\u1eafp x\u1ebfp \u0111\u01a1n h\u00e0ng, MAO lu\u00f4n b\u00e1o tr\u01b0\u1edbc<\/p>\n","protected":false},"author":1,"featured_media":0,"parent":0,"menu_order":0,"comment_status":"closed","ping_status":"closed","template":"page-templates\/fullwidthpage.php","meta":{"footnotes":""},"class_list":["post-475","page","type-page","status-publish","hentry"],"yoast_head":"<!-- This site is optimized with the Yoast SEO plugin v19.5.1 - https:\/\/yoast.com\/wordpress\/plugins\/seo\/ -->\n<title>\u0110\u1eb7t v\u00e0 giao h\u00e0ng - MAO Furniture<\/title>\n<meta name=\"robots\" content=\"index, follow, max-snippet:-1, max-image-preview:large, max-video-preview:-1\" \/>\n<link rel=\"canonical\" href=\"https:\/\/maofurniture.com.vn\/vi\/dat-va-giao-hang\/\" \/>\n<meta property=\"og:locale\" content=\"vi_VN\" \/>\n<meta property=\"og:type\" content=\"article\" \/>\n<meta property=\"og:title\" content=\"\u0110\u1eb7t v\u00e0 giao h\u00e0ng - MAO Furniture\" \/>\n<meta property=\"og:description\" content=\"[vc_row][vc_column][vc_column_text]V\u1eadn chuy\u1ec3n M\u1ee5c ti\u00eau c\u1ee7a ch\u00fang t\u00f4i l\u00e0 \u0111\u1ea1t \u0111\u01b0\u1ee3c hi\u1ec7u qu\u1ea3 giao h\u00e0ng t\u1ed1i \u01b0u, c\u00f3 ngh\u0129a l\u00e0 th\u1eddi gian giao h\u00e0ng ng\u1eafn nh\u1ea5t trong khi gi\u1ea3m thi\u1ec3u l\u1ed7i giao h\u00e0ng. Ch\u00fang t\u00f4i c\u00f3 th\u1ec3 v\u1eadn chuy\u1ec3n quanh n\u0103m, tr\u1eeb T\u1ebft Nguy\u00ean \u0110\u00e1n. \u0110\u1ec3 ch\u1ee7 \u0111\u1ed9ng s\u1eafp x\u1ebfp \u0111\u01a1n h\u00e0ng, MAO lu\u00f4n b\u00e1o tr\u01b0\u1edbc\" \/>\n<meta property=\"og:url\" content=\"https:\/\/maofurniture.com.vn\/vi\/dat-va-giao-hang\/\" \/>\n<meta property=\"og:site_name\" content=\"MAO Furniture\" \/>\n<meta property=\"article:modified_time\" content=\"2022-08-22T07:11:22+00:00\" \/>\n<meta name=\"twitter:card\" content=\"summary_large_image\" \/>\n<meta name=\"twitter:label1\" content=\"Est. reading time\" \/>\n\t<meta name=\"twitter:data1\" content=\"2 minutes\" \/>\n<script type=\"application\/ld+json\" class=\"yoast-schema-graph\">{\"@context\":\"https:\/\/schema.org\",\"@graph\":[{\"@type\":\"WebPage\",\"@id\":\"https:\/\/maofurniture.com.vn\/vi\/dat-va-giao-hang\/\",\"url\":\"https:\/\/maofurniture.com.vn\/vi\/dat-va-giao-hang\/\",\"name\":\"\u0110\u1eb7t v\u00e0 giao h\u00e0ng - MAO Furniture\",\"isPartOf\":{\"@id\":\"https:\/\/maofurniture.com.vn\/#website\"},\"datePublished\":\"2022-08-22T06:58:28+00:00\",\"dateModified\":\"2022-08-22T07:11:22+00:00\",\"breadcrumb\":{\"@id\":\"https:\/\/maofurniture.com.vn\/vi\/dat-va-giao-hang\/#breadcrumb\"},\"inLanguage\":\"vi-VN\",\"potentialAction\":[{\"@type\":\"ReadAction\",\"target\":[\"https:\/\/maofurniture.com.vn\/vi\/dat-va-giao-hang\/\"]}]},{\"@type\":\"BreadcrumbList\",\"@id\":\"https:\/\/maofurniture.com.vn\/vi\/dat-va-giao-hang\/#breadcrumb\",\"itemListElement\":[{\"@type\":\"ListItem\",\"position\":1,\"name\":\"Trang ch\u1ee7\",\"item\":\"https:\/\/maofurniture.com.vn\/vi\/\"},{\"@type\":\"ListItem\",\"position\":2,\"name\":\"\u0110\u1eb7t v\u00e0 giao h\u00e0ng\"}]},{\"@type\":\"WebSite\",\"@id\":\"https:\/\/maofurniture.com.vn\/#website\",\"url\":\"https:\/\/maofurniture.com.vn\/\",\"name\":\"MAO Furniture\",\"description\":\"M\u1ed9t trang web m\u1edbi s\u1eed d\u1ee5ng WordPress\",\"potentialAction\":[{\"@type\":\"SearchAction\",\"target\":{\"@type\":\"EntryPoint\",\"urlTemplate\":\"https:\/\/maofurniture.com.vn\/?s={search_term_string}\"},\"query-input\":\"required name=search_term_string\"}],\"inLanguage\":\"vi-VN\"}]}<\/script>\n<!-- \/ Yoast SEO plugin. -->","yoast_head_json":{"title":"\u0110\u1eb7t v\u00e0 giao h\u00e0ng - MAO Furniture","robots":{"index":"index","follow":"follow","max-snippet":"max-snippet:-1","max-image-preview":"max-image-preview:large","max-video-preview":"max-video-preview:-1"},"canonical":"https:\/\/maofurniture.com.vn\/vi\/dat-va-giao-hang\/","og_locale":"vi_VN","og_type":"article","og_title":"\u0110\u1eb7t v\u00e0 giao h\u00e0ng - MAO Furniture","og_description":"[vc_row][vc_column][vc_column_text]V\u1eadn chuy\u1ec3n M\u1ee5c ti\u00eau c\u1ee7a ch\u00fang t\u00f4i l\u00e0 \u0111\u1ea1t \u0111\u01b0\u1ee3c hi\u1ec7u qu\u1ea3 giao h\u00e0ng t\u1ed1i \u01b0u, c\u00f3 ngh\u0129a l\u00e0 th\u1eddi gian giao h\u00e0ng ng\u1eafn nh\u1ea5t trong khi gi\u1ea3m thi\u1ec3u l\u1ed7i giao h\u00e0ng. Ch\u00fang t\u00f4i c\u00f3 th\u1ec3 v\u1eadn chuy\u1ec3n quanh n\u0103m, tr\u1eeb T\u1ebft Nguy\u00ean \u0110\u00e1n. \u0110\u1ec3 ch\u1ee7 \u0111\u1ed9ng s\u1eafp x\u1ebfp \u0111\u01a1n h\u00e0ng, MAO lu\u00f4n b\u00e1o tr\u01b0\u1edbc","og_url":"https:\/\/maofurniture.com.vn\/vi\/dat-va-giao-hang\/","og_site_name":"MAO Furniture","article_modified_time":"2022-08-22T07:11:22+00:00","twitter_card":"summary_large_image","twitter_misc":{"Est. reading time":"2 minutes"},"schema":{"@context":"https:\/\/schema.org","@graph":[{"@type":"WebPage","@id":"https:\/\/maofurniture.com.vn\/vi\/dat-va-giao-hang\/","url":"https:\/\/maofurniture.com.vn\/vi\/dat-va-giao-hang\/","name":"\u0110\u1eb7t v\u00e0 giao h\u00e0ng - MAO Furniture","isPartOf":{"@id":"https:\/\/maofurniture.com.vn\/#website"},"datePublished":"2022-08-22T06:58:28+00:00","dateModified":"2022-08-22T07:11:22+00:00","breadcrumb":{"@id":"https:\/\/maofurniture.com.vn\/vi\/dat-va-giao-hang\/#breadcrumb"},"inLanguage":"vi-VN","potentialAction":[{"@type":"ReadAction","target":["https:\/\/maofurniture.com.vn\/vi\/dat-va-giao-hang\/"]}]},{"@type":"BreadcrumbList","@id":"https:\/\/maofurniture.com.vn\/vi\/dat-va-giao-hang\/#breadcrumb","itemListElement":[{"@type":"ListItem","position":1,"name":"Trang ch\u1ee7","item":"https:\/\/maofurniture.com.vn\/vi\/"},{"@type":"ListItem","position":2,"name":"\u0110\u1eb7t v\u00e0 giao h\u00e0ng"}]},{"@type":"WebSite","@id":"https:\/\/maofurniture.com.vn\/#website","url":"https:\/\/maofurniture.com.vn\/","name":"MAO Furniture","description":"M\u1ed9t trang web m\u1edbi s\u1eed d\u1ee5ng WordPress","potentialAction":[{"@type":"SearchAction","target":{"@type":"EntryPoint","urlTemplate":"https:\/\/maofurniture.com.vn\/?s={search_term_string}"},"query-input":"required name=search_term_string"}],"inLanguage":"vi-VN"}]}},"_links":{"self":[{"href":"https:\/\/maofurniture.com.vn\/vi\/wp-json\/wp\/v2\/pages\/475","targetHints":{"allow":["GET"]}}],"collection":[{"href":"https:\/\/maofurniture.com.vn\/vi\/wp-json\/wp\/v2\/pages"}],"about":[{"href":"https:\/\/maofurniture.com.vn\/vi\/wp-json\/wp\/v2\/types\/page"}],"author":[{"embeddable":true,"href":"https:\/\/maofurniture.com.vn\/vi\/wp-json\/wp\/v2\/users\/1"}],"replies":[{"embeddable":true,"href":"https:\/\/maofurniture.com.vn\/vi\/wp-json\/wp\/v2\/comments?post=475"}],"version-history":[{"count":2,"href":"https:\/\/maofurniture.com.vn\/vi\/wp-json\/wp\/v2\/pages\/475\/revisions"}],"predecessor-version":[{"id":492,"href":"https:\/\/maofurniture.com.vn\/vi\/wp-json\/wp\/v2\/pages\/475\/revisions\/492"}],"wp:attachment":[{"href":"https:\/\/maofurniture.com.vn\/vi\/wp-json\/wp\/v2\/media?parent=475"}],"curies":[{"name":"wp","href":"https:\/\/api.w.org\/{rel}","templated":true}]}}