{"id":477,"date":"2022-08-22T13:59:47","date_gmt":"2022-08-22T06:59:47","guid":{"rendered":"https:\/\/maofurniture.com.vn\/?page_id=477"},"modified":"2022-08-22T14:20:44","modified_gmt":"2022-08-22T07:20:44","slug":"quy-trinh-san-xuat","status":"publish","type":"page","link":"https:\/\/maofurniture.com.vn\/vi\/quy-trinh-san-xuat\/","title":{"rendered":"Quy tr\u00ecnh s\u1ea3n xu\u1ea5t"},"content":{"rendered":"<p>[vc_row content_placement=&#8221;middle&#8221;][vc_column width=&#8221;1\/2&#8243;][vc_single_image image=&#8221;301&#8243; img_size=&#8221;full&#8221; el_class=&#8221;img-abus left&#8221; title=&#8221;Step 1&#8243;][\/vc_column][vc_column width=&#8221;1\/2&#8243;][vc_custom_heading text=&#8221;Nh\u1eadn th\u00f4ng tin t\u1eeb kh\u00e1ch h\u00e0ng&#8221; use_theme_fonts=&#8221;yes&#8221; el_class=&#8221;text-manu&#8221;][\/vc_column][\/vc_row][vc_row content_placement=&#8221;middle&#8221;][vc_column width=&#8221;1\/2&#8243;][vc_custom_heading text=&#8221;L\u00ean danh s\u00e1ch nguy\u00ean, v\u1eadt li\u1ec7u s\u1ea3n xu\u1ea5t&#8221; use_theme_fonts=&#8221;yes&#8221; el_class=&#8221;text-manu&#8221;][\/vc_column][vc_column width=&#8221;1\/2&#8243;][vc_single_image image=&#8221;302&#8243; img_size=&#8221;full&#8221; el_class=&#8221;img-abus&#8221; title=&#8221;Step 2&#8243;][\/vc_column][\/vc_row][vc_row content_placement=&#8221;middle&#8221;][vc_column width=&#8221;1\/2&#8243;][vc_single_image image=&#8221;303&#8243; img_size=&#8221;full&#8221; el_class=&#8221;img-abus left&#8221; title=&#8221;Step 3&#8243;][\/vc_column][vc_column width=&#8221;1\/2&#8243;][vc_custom_heading text=&#8221;S\u01a1 ch\u1ebf nguy\u00ean li\u1ec7u&#8221; use_theme_fonts=&#8221;yes&#8221; el_class=&#8221;text-manu&#8221;][\/vc_column][\/vc_row][vc_row content_placement=&#8221;middle&#8221;][vc_column width=&#8221;1\/2&#8243;][vc_custom_heading text=&#8221;X\u1eed l\u00fd s\u01a1 b\u1ed9&#8221; use_theme_fonts=&#8221;yes&#8221; el_class=&#8221;text-manu&#8221;][\/vc_column][vc_column width=&#8221;1\/2&#8243;][vc_single_image image=&#8221;304&#8243; img_size=&#8221;full&#8221; el_class=&#8221;img-abus&#8221; title=&#8221;Step 4&#8243;][\/vc_column][\/vc_row][vc_row content_placement=&#8221;middle&#8221;][vc_column width=&#8221;1\/2&#8243;][vc_single_image image=&#8221;305&#8243; img_size=&#8221;full&#8221; el_class=&#8221;img-abus left&#8221; title=&#8221;Step 5&#8243;][\/vc_column][vc_column width=&#8221;1\/2&#8243;][vc_custom_heading text=&#8221;L\u1eafp r\u00e1p ho\u00e0n ch\u1ec9nh s\u1ea3n ph\u1ea9m&#8221; use_theme_fonts=&#8221;yes&#8221; el_class=&#8221;text-manu&#8221;][\/vc_column][\/vc_row][vc_row content_placement=&#8221;middle&#8221;][vc_column width=&#8221;1\/2&#8243;][vc_custom_heading text=&#8221;S\u01a1n ph\u1ee7 v\u00e0 ho\u00e0n thi\u1ec7n&#8221; use_theme_fonts=&#8221;yes&#8221; el_class=&#8221;text-manu&#8221;][\/vc_column][vc_column width=&#8221;1\/2&#8243;][vc_single_image image=&#8221;306&#8243; img_size=&#8221;full&#8221; el_class=&#8221;img-abus&#8221; title=&#8221;Step 6&#8243;][\/vc_column][\/vc_row][vc_row content_placement=&#8221;middle&#8221;][vc_column width=&#8221;1\/2&#8243;][vc_single_image image=&#8221;307&#8243; img_size=&#8221;full&#8221; el_class=&#8221;img-abus left&#8221; title=&#8221;Step 7&#8243;][\/vc_column][vc_column width=&#8221;1\/2&#8243;][vc_custom_heading text=&#8221;Ki\u1ec3m tra th\u00e0nh ph\u1ea9m&#8221; use_theme_fonts=&#8221;yes&#8221; el_class=&#8221;text-manu&#8221;][\/vc_column][\/vc_row][vc_row content_placement=&#8221;middle&#8221;][vc_column width=&#8221;1\/2&#8243;][vc_custom_heading text=&#8221;\u0110\u00f3ng g\u00f3i v\u00e0 v\u1eadn chuy\u1ec3n&#8221; use_theme_fonts=&#8221;yes&#8221; el_class=&#8221;text-manu&#8221;][\/vc_column][vc_column width=&#8221;1\/2&#8243;][vc_single_image image=&#8221;308&#8243; img_size=&#8221;full&#8221; el_class=&#8221;img-abus&#8221; title=&#8221;Step 8&#8243;][\/vc_column][\/vc_row]<\/p>\n","protected":false},"excerpt":{"rendered":"<p>[vc_row content_placement=&#8221;middle&#8221;][vc_column width=&#8221;1\/2&#8243;][vc_single_image image=&#8221;301&#8243; img_size=&#8221;full&#8221; el_class=&#8221;img-abus left&#8221; title=&#8221;Step 1&#8243;][\/vc_column][vc_column width=&#8221;1\/2&#8243;][vc_custom_heading text=&#8221;Nh\u1eadn th\u00f4ng tin t\u1eeb kh\u00e1ch h\u00e0ng&#8221; use_theme_fonts=&#8221;yes&#8221; el_class=&#8221;text-manu&#8221;][\/vc_column][\/vc_row][vc_row content_placement=&#8221;middle&#8221;][vc_column width=&#8221;1\/2&#8243;][vc_custom_heading text=&#8221;L\u00ean danh s\u00e1ch nguy\u00ean, v\u1eadt li\u1ec7u s\u1ea3n xu\u1ea5t&#8221; use_theme_fonts=&#8221;yes&#8221; el_class=&#8221;text-manu&#8221;][\/vc_column][vc_column width=&#8221;1\/2&#8243;][vc_single_image image=&#8221;302&#8243; img_size=&#8221;full&#8221; el_class=&#8221;img-abus&#8221; title=&#8221;Step 2&#8243;][\/vc_column][\/vc_row][vc_row content_placement=&#8221;middle&#8221;][vc_column width=&#8221;1\/2&#8243;][vc_single_image image=&#8221;303&#8243; img_size=&#8221;full&#8221; el_class=&#8221;img-abus left&#8221; title=&#8221;Step 3&#8243;][\/vc_column][vc_column width=&#8221;1\/2&#8243;][vc_custom_heading text=&#8221;S\u01a1 ch\u1ebf nguy\u00ean li\u1ec7u&#8221; use_theme_fonts=&#8221;yes&#8221; el_class=&#8221;text-manu&#8221;][\/vc_column][\/vc_row][vc_row content_placement=&#8221;middle&#8221;][vc_column width=&#8221;1\/2&#8243;][vc_custom_heading text=&#8221;X\u1eed l\u00fd<\/p>\n","protected":false},"author":1,"featured_media":0,"parent":0,"menu_order":0,"comment_status":"closed","ping_status":"closed","template":"page-templates\/fullwidthpage.php","meta":{"footnotes":""},"class_list":["post-477","page","type-page","status-publish","hentry"],"yoast_head":"<!-- This site is optimized with the Yoast SEO plugin v19.5.1 - https:\/\/yoast.com\/wordpress\/plugins\/seo\/ -->\n<title>Quy tr\u00ecnh s\u1ea3n xu\u1ea5t - MAO Furniture<\/title>\n<meta name=\"robots\" content=\"index, follow, max-snippet:-1, max-image-preview:large, max-video-preview:-1\" \/>\n<link rel=\"canonical\" href=\"https:\/\/maofurniture.com.vn\/vi\/quy-trinh-san-xuat\/\" \/>\n<meta property=\"og:locale\" content=\"vi_VN\" \/>\n<meta property=\"og:type\" content=\"article\" \/>\n<meta property=\"og:title\" content=\"Quy tr\u00ecnh s\u1ea3n xu\u1ea5t - MAO Furniture\" \/>\n<meta property=\"og:description\" content=\"[vc_row content_placement=&#8221;middle&#8221;][vc_column width=&#8221;1\/2&#8243;][vc_single_image image=&#8221;301&#8243; img_size=&#8221;full&#8221; el_class=&#8221;img-abus left&#8221; title=&#8221;Step 1&#8243;][\/vc_column][vc_column width=&#8221;1\/2&#8243;][vc_custom_heading text=&#8221;Nh\u1eadn th\u00f4ng tin t\u1eeb kh\u00e1ch h\u00e0ng&#8221; use_theme_fonts=&#8221;yes&#8221; el_class=&#8221;text-manu&#8221;][\/vc_column][\/vc_row][vc_row content_placement=&#8221;middle&#8221;][vc_column width=&#8221;1\/2&#8243;][vc_custom_heading text=&#8221;L\u00ean danh s\u00e1ch nguy\u00ean, v\u1eadt li\u1ec7u s\u1ea3n xu\u1ea5t&#8221; use_theme_fonts=&#8221;yes&#8221; el_class=&#8221;text-manu&#8221;][\/vc_column][vc_column width=&#8221;1\/2&#8243;][vc_single_image image=&#8221;302&#8243; img_size=&#8221;full&#8221; el_class=&#8221;img-abus&#8221; title=&#8221;Step 2&#8243;][\/vc_column][\/vc_row][vc_row content_placement=&#8221;middle&#8221;][vc_column width=&#8221;1\/2&#8243;][vc_single_image image=&#8221;303&#8243; img_size=&#8221;full&#8221; el_class=&#8221;img-abus left&#8221; title=&#8221;Step 3&#8243;][\/vc_column][vc_column width=&#8221;1\/2&#8243;][vc_custom_heading text=&#8221;S\u01a1 ch\u1ebf nguy\u00ean li\u1ec7u&#8221; use_theme_fonts=&#8221;yes&#8221; el_class=&#8221;text-manu&#8221;][\/vc_column][\/vc_row][vc_row content_placement=&#8221;middle&#8221;][vc_column width=&#8221;1\/2&#8243;][vc_custom_heading text=&#8221;X\u1eed l\u00fd\" \/>\n<meta property=\"og:url\" content=\"https:\/\/maofurniture.com.vn\/vi\/quy-trinh-san-xuat\/\" \/>\n<meta property=\"og:site_name\" content=\"MAO Furniture\" \/>\n<meta property=\"article:modified_time\" content=\"2022-08-22T07:20:44+00:00\" \/>\n<meta name=\"twitter:card\" content=\"summary_large_image\" \/>\n<meta name=\"twitter:label1\" content=\"Est. reading time\" \/>\n\t<meta name=\"twitter:data1\" content=\"1 minute\" \/>\n<script type=\"application\/ld+json\" class=\"yoast-schema-graph\">{\"@context\":\"https:\/\/schema.org\",\"@graph\":[{\"@type\":\"WebPage\",\"@id\":\"https:\/\/maofurniture.com.vn\/vi\/quy-trinh-san-xuat\/\",\"url\":\"https:\/\/maofurniture.com.vn\/vi\/quy-trinh-san-xuat\/\",\"name\":\"Quy tr\u00ecnh s\u1ea3n xu\u1ea5t - MAO Furniture\",\"isPartOf\":{\"@id\":\"https:\/\/maofurniture.com.vn\/#website\"},\"datePublished\":\"2022-08-22T06:59:47+00:00\",\"dateModified\":\"2022-08-22T07:20:44+00:00\",\"breadcrumb\":{\"@id\":\"https:\/\/maofurniture.com.vn\/vi\/quy-trinh-san-xuat\/#breadcrumb\"},\"inLanguage\":\"vi-VN\",\"potentialAction\":[{\"@type\":\"ReadAction\",\"target\":[\"https:\/\/maofurniture.com.vn\/vi\/quy-trinh-san-xuat\/\"]}]},{\"@type\":\"BreadcrumbList\",\"@id\":\"https:\/\/maofurniture.com.vn\/vi\/quy-trinh-san-xuat\/#breadcrumb\",\"itemListElement\":[{\"@type\":\"ListItem\",\"position\":1,\"name\":\"Trang ch\u1ee7\",\"item\":\"https:\/\/maofurniture.com.vn\/vi\/\"},{\"@type\":\"ListItem\",\"position\":2,\"name\":\"Quy tr\u00ecnh s\u1ea3n xu\u1ea5t\"}]},{\"@type\":\"WebSite\",\"@id\":\"https:\/\/maofurniture.com.vn\/#website\",\"url\":\"https:\/\/maofurniture.com.vn\/\",\"name\":\"MAO Furniture\",\"description\":\"M\u1ed9t trang web m\u1edbi s\u1eed d\u1ee5ng WordPress\",\"potentialAction\":[{\"@type\":\"SearchAction\",\"target\":{\"@type\":\"EntryPoint\",\"urlTemplate\":\"https:\/\/maofurniture.com.vn\/?s={search_term_string}\"},\"query-input\":\"required name=search_term_string\"}],\"inLanguage\":\"vi-VN\"}]}<\/script>\n<!-- \/ Yoast SEO plugin. -->","yoast_head_json":{"title":"Quy tr\u00ecnh s\u1ea3n xu\u1ea5t - MAO Furniture","robots":{"index":"index","follow":"follow","max-snippet":"max-snippet:-1","max-image-preview":"max-image-preview:large","max-video-preview":"max-video-preview:-1"},"canonical":"https:\/\/maofurniture.com.vn\/vi\/quy-trinh-san-xuat\/","og_locale":"vi_VN","og_type":"article","og_title":"Quy tr\u00ecnh s\u1ea3n xu\u1ea5t - MAO Furniture","og_description":"[vc_row content_placement=&#8221;middle&#8221;][vc_column width=&#8221;1\/2&#8243;][vc_single_image image=&#8221;301&#8243; img_size=&#8221;full&#8221; el_class=&#8221;img-abus left&#8221; title=&#8221;Step 1&#8243;][\/vc_column][vc_column width=&#8221;1\/2&#8243;][vc_custom_heading text=&#8221;Nh\u1eadn th\u00f4ng tin t\u1eeb kh\u00e1ch h\u00e0ng&#8221; use_theme_fonts=&#8221;yes&#8221; el_class=&#8221;text-manu&#8221;][\/vc_column][\/vc_row][vc_row content_placement=&#8221;middle&#8221;][vc_column width=&#8221;1\/2&#8243;][vc_custom_heading text=&#8221;L\u00ean danh s\u00e1ch nguy\u00ean, v\u1eadt li\u1ec7u s\u1ea3n xu\u1ea5t&#8221; use_theme_fonts=&#8221;yes&#8221; el_class=&#8221;text-manu&#8221;][\/vc_column][vc_column width=&#8221;1\/2&#8243;][vc_single_image image=&#8221;302&#8243; img_size=&#8221;full&#8221; el_class=&#8221;img-abus&#8221; title=&#8221;Step 2&#8243;][\/vc_column][\/vc_row][vc_row content_placement=&#8221;middle&#8221;][vc_column width=&#8221;1\/2&#8243;][vc_single_image image=&#8221;303&#8243; img_size=&#8221;full&#8221; el_class=&#8221;img-abus left&#8221; title=&#8221;Step 3&#8243;][\/vc_column][vc_column width=&#8221;1\/2&#8243;][vc_custom_heading text=&#8221;S\u01a1 ch\u1ebf nguy\u00ean li\u1ec7u&#8221; use_theme_fonts=&#8221;yes&#8221; el_class=&#8221;text-manu&#8221;][\/vc_column][\/vc_row][vc_row content_placement=&#8221;middle&#8221;][vc_column width=&#8221;1\/2&#8243;][vc_custom_heading text=&#8221;X\u1eed l\u00fd","og_url":"https:\/\/maofurniture.com.vn\/vi\/quy-trinh-san-xuat\/","og_site_name":"MAO Furniture","article_modified_time":"2022-08-22T07:20:44+00:00","twitter_card":"summary_large_image","twitter_misc":{"Est. reading time":"1 minute"},"schema":{"@context":"https:\/\/schema.org","@graph":[{"@type":"WebPage","@id":"https:\/\/maofurniture.com.vn\/vi\/quy-trinh-san-xuat\/","url":"https:\/\/maofurniture.com.vn\/vi\/quy-trinh-san-xuat\/","name":"Quy tr\u00ecnh s\u1ea3n xu\u1ea5t - MAO Furniture","isPartOf":{"@id":"https:\/\/maofurniture.com.vn\/#website"},"datePublished":"2022-08-22T06:59:47+00:00","dateModified":"2022-08-22T07:20:44+00:00","breadcrumb":{"@id":"https:\/\/maofurniture.com.vn\/vi\/quy-trinh-san-xuat\/#breadcrumb"},"inLanguage":"vi-VN","potentialAction":[{"@type":"ReadAction","target":["https:\/\/maofurniture.com.vn\/vi\/quy-trinh-san-xuat\/"]}]},{"@type":"BreadcrumbList","@id":"https:\/\/maofurniture.com.vn\/vi\/quy-trinh-san-xuat\/#breadcrumb","itemListElement":[{"@type":"ListItem","position":1,"name":"Trang ch\u1ee7","item":"https:\/\/maofurniture.com.vn\/vi\/"},{"@type":"ListItem","position":2,"name":"Quy tr\u00ecnh s\u1ea3n xu\u1ea5t"}]},{"@type":"WebSite","@id":"https:\/\/maofurniture.com.vn\/#website","url":"https:\/\/maofurniture.com.vn\/","name":"MAO Furniture","description":"M\u1ed9t trang web m\u1edbi s\u1eed d\u1ee5ng WordPress","potentialAction":[{"@type":"SearchAction","target":{"@type":"EntryPoint","urlTemplate":"https:\/\/maofurniture.com.vn\/?s={search_term_string}"},"query-input":"required name=search_term_string"}],"inLanguage":"vi-VN"}]}},"_links":{"self":[{"href":"https:\/\/maofurniture.com.vn\/vi\/wp-json\/wp\/v2\/pages\/477","targetHints":{"allow":["GET"]}}],"collection":[{"href":"https:\/\/maofurniture.com.vn\/vi\/wp-json\/wp\/v2\/pages"}],"about":[{"href":"https:\/\/maofurniture.com.vn\/vi\/wp-json\/wp\/v2\/types\/page"}],"author":[{"embeddable":true,"href":"https:\/\/maofurniture.com.vn\/vi\/wp-json\/wp\/v2\/users\/1"}],"replies":[{"embeddable":true,"href":"https:\/\/maofurniture.com.vn\/vi\/wp-json\/wp\/v2\/comments?post=477"}],"version-history":[{"count":3,"href":"https:\/\/maofurniture.com.vn\/vi\/wp-json\/wp\/v2\/pages\/477\/revisions"}],"predecessor-version":[{"id":495,"href":"https:\/\/maofurniture.com.vn\/vi\/wp-json\/wp\/v2\/pages\/477\/revisions\/495"}],"wp:attachment":[{"href":"https:\/\/maofurniture.com.vn\/vi\/wp-json\/wp\/v2\/media?parent=477"}],"curies":[{"name":"wp","href":"https:\/\/api.w.org\/{rel}","templated":true}]}}